{"id":6662,"date":"2022-11-17T07:05:58","date_gmt":"2022-11-17T06:05:58","guid":{"rendered":"https:\/\/www.vietstartup.eu\/?page_id=6662"},"modified":"2022-11-17T07:23:48","modified_gmt":"2022-11-17T06:23:48","slug":"contact-us","status":"publish","type":"page","link":"https:\/\/www.vietstartup.eu\/vi\/contact-us\/","title":{"rendered":"Contact us"},"content":{"rendered":"<p>Please use the form below to drop us a line! Whether it\u2019s a general inquiry, a question for our talent acquisition team, or an opportunity for collaboration, we are ready to connect and look forward to hearing from you!<\/p>\n\n\n<div class=\"wpforms-container wpforms-block\" id=\"wpforms-4694\"><form id=\"wpforms-form-4694\" class=\"wpforms-validate wpforms-form\" data-formid=\"4694\" method=\"post\" enctype=\"multipart\/form-data\" action=\"\/vi\/wp-json\/wp\/v2\/pages\/6662\" data-token=\"358845ec32b8a6b3916520ed26abd31b\" data-token-time=\"1776958718\" data-trp-original-action=\"\/vi\/wp-json\/wp\/v2\/pages\/6662\"><noscript class=\"wpforms-error-noscript\">Vui l\u00f2ng b\u1eadt JavaScript trong tr\u00ecnh duy\u1ec7t c\u1ee7a b\u1ea1n \u0111\u1ec3 ho\u00e0n th\u00e0nh Form n\u00e0y.<\/noscript><div class=\"wpforms-field-container\"><div id=\"wpforms-4694-field_8-container\" class=\"wpforms-field wpforms-field-select wpforms-field-select-style-classic\" data-field-id=\"8\"><label class=\"wpforms-field-label\" for=\"wpforms-4694-field_8\">How can we help? <span class=\"wpforms-required-label\">*<\/span><\/label><select id=\"wpforms-4694-field_8\" class=\"wpforms-field-medium wpforms-field-required\" name=\"wpforms[fields][8]\" required=\"required\"><option value=\"General Inquiries\" >General Inquiries<\/option><option value=\"Human Resources\/Recruiting\" >Human Resources\/Recruiting<\/option><option value=\"Sponsorship\" >Sponsorship<\/option><option value=\"Events\/Workshops\" >Events\/Workshops<\/option><option value=\"Volunteering\" >Volunteering<\/option><option value=\"Media\/Podcasts\" >Media\/Podcasts<\/option><option value=\"Feedback\" >Feedback<\/option><\/select><\/div><div id=\"wpforms-4694-field_3-container\" class=\"wpforms-field wpforms-field-name\" data-field-id=\"3\"><label class=\"wpforms-field-label wpforms-label-hide\" for=\"wpforms-4694-field_3\">Full Name <span class=\"wpforms-required-label\">*<\/span><\/label><input type=\"text\" id=\"wpforms-4694-field_3\" class=\"wpforms-field-large wpforms-field-required\" name=\"wpforms[fields][3]\" placeholder=\"Full Name\" required><\/div><div id=\"wpforms-4694-field_4-container\" class=\"wpforms-field wpforms-field-name\" data-field-id=\"4\"><label class=\"wpforms-field-label wpforms-label-hide\" for=\"wpforms-4694-field_4\">Location (City, State\/Province) <span class=\"wpforms-required-label\">*<\/span><\/label><input type=\"text\" id=\"wpforms-4694-field_4\" class=\"wpforms-field-large wpforms-field-required\" name=\"wpforms[fields][4]\" placeholder=\"Location (City, State\/Province)\" required><\/div><div id=\"wpforms-4694-field_9-container\" class=\"wpforms-field wpforms-field-name\" data-field-id=\"9\"><label class=\"wpforms-field-label wpforms-label-hide\" for=\"wpforms-4694-field_9\">Organization <span class=\"wpforms-required-label\">*<\/span><\/label><input type=\"text\" id=\"wpforms-4694-field_9\" class=\"wpforms-field-large wpforms-field-required\" name=\"wpforms[fields][9]\" placeholder=\"Organization\" required><\/div><div id=\"wpforms-4694-field_1-container\" class=\"wpforms-field wpforms-field-email\" data-field-id=\"1\"><label class=\"wpforms-field-label wpforms-label-hide\" for=\"wpforms-4694-field_1\">Email <span class=\"wpforms-required-label\">*<\/span><\/label><input type=\"email\" id=\"wpforms-4694-field_1\" class=\"wpforms-field-large wpforms-field-required\" name=\"wpforms[fields][1]\" placeholder=\"Email\" spellcheck=\"false\" required><\/div><div id=\"wpforms-4694-field_5-container\" class=\"wpforms-field wpforms-field-textarea\" data-field-id=\"5\"><label class=\"wpforms-field-label wpforms-label-hide\" for=\"wpforms-4694-field_5\">Message<\/label><textarea id=\"wpforms-4694-field_5\" class=\"wpforms-field-medium\" name=\"wpforms[fields][5]\" placeholder=\"Message\" ><\/textarea><\/div><\/div><!-- .wpforms-field-container --><div class=\"wpforms-field wpforms-field-hp\"><label for=\"wpforms-4694-field-hp\" class=\"wpforms-field-label\">Website<\/label><input type=\"text\" name=\"wpforms[hp]\" id=\"wpforms-4694-field-hp\" class=\"wpforms-field-medium\"><\/div><div class=\"wpforms-submit-container\" ><input type=\"hidden\" name=\"wpforms[id]\" value=\"4694\"><input type=\"hidden\" name=\"page_title\" value=\"\"><input type=\"hidden\" name=\"page_url\" value=\"https:\/\/www.vietstartup.eu\/vi\/wp-json\/wp\/v2\/pages\/6662\"><input type=\"hidden\" name=\"url_referer\" value=\"\"><button type=\"submit\" name=\"wpforms[submit]\" id=\"wpforms-submit-4694\" class=\"wpforms-submit\" data-alt-text=\"Sending...\" data-submit-text=\"Submit\" aria-live=\"assertive\" value=\"wpforms-submit\">Submit<\/button><\/div><input type=\"hidden\" name=\"trp-form-language\" value=\"vi\"\/><\/form><\/div>  <!-- .wpforms-container -->","protected":false},"excerpt":{"rendered":"<p>Please use the form below to drop us a line! Whether it\u2019s a general inquiry, a question for our talent acquisition team, or an opportunity for collaboration, we are ready to connect and look forward to hearing from you!<\/p>","protected":false},"author":14,"featured_media":0,"parent":0,"menu_order":0,"comment_status":"closed","ping_status":"closed","template":"","meta":{"footnotes":""},"class_list":["post-6662","page","type-page","status-publish","hentry"],"aioseo_notices":[],"_links":{"self":[{"href":"https:\/\/www.vietstartup.eu\/vi\/wp-json\/wp\/v2\/pages\/6662","targetHints":{"allow":["GET"]}}],"collection":[{"href":"https:\/\/www.vietstartup.eu\/vi\/wp-json\/wp\/v2\/pages"}],"about":[{"href":"https:\/\/www.vietstartup.eu\/vi\/wp-json\/wp\/v2\/types\/page"}],"author":[{"embeddable":true,"href":"https:\/\/www.vietstartup.eu\/vi\/wp-json\/wp\/v2\/users\/14"}],"replies":[{"embeddable":true,"href":"https:\/\/www.vietstartup.eu\/vi\/wp-json\/wp\/v2\/comments?post=6662"}],"version-history":[{"count":3,"href":"https:\/\/www.vietstartup.eu\/vi\/wp-json\/wp\/v2\/pages\/6662\/revisions"}],"predecessor-version":[{"id":6675,"href":"https:\/\/www.vietstartup.eu\/vi\/wp-json\/wp\/v2\/pages\/6662\/revisions\/6675"}],"wp:attachment":[{"href":"https:\/\/www.vietstartup.eu\/vi\/wp-json\/wp\/v2\/media?parent=6662"}],"curies":[{"name":"wp","href":"https:\/\/api.w.org\/{rel}","templated":true}]}}